{"id":29176,"date":"2017-04-18T12:03:34","date_gmt":"2017-04-18T12:03:34","guid":{"rendered":"https:\/\/eddm.es\/solutions\/?page_id=29176"},"modified":"2022-07-27T06:51:02","modified_gmt":"2022-07-27T06:51:02","slug":"politica-de-cookies","status":"publish","type":"page","link":"https:\/\/eddm.es\/solutions\/politica-de-cookies\/","title":{"rendered":"politica de cookies"},"content":{"rendered":"\t\t<div data-elementor-type=\"wp-page\" data-elementor-id=\"29176\" class=\"elementor elementor-29176\">\n\t\t\t\t\t\t\t\t\t<section class=\"elementor-section elementor-top-section elementor-element elementor-element-3094d014 elementor-section-full_width elementor-section-height-default elementor-section-height-default\" data-id=\"3094d014\" data-element_type=\"section\" data-settings=\"{&quot;background_background&quot;:&quot;classic&quot;}\">\n\t\t\t\t\t\t<div class=\"elementor-container elementor-column-gap-default\">\n\t\t\t\t\t<div class=\"elementor-column elementor-col-100 elementor-top-column elementor-element elementor-element-33dd6d3d\" data-id=\"33dd6d3d\" data-element_type=\"column\">\n\t\t\t<div class=\"elementor-widget-wrap elementor-element-populated\">\n\t\t\t\t\t\t\t\t<div class=\"elementor-element elementor-element-b5969ac elementor-widget elementor-widget-heading\" data-id=\"b5969ac\" data-element_type=\"widget\" data-widget_type=\"heading.default\">\n\t\t\t\t<div class=\"elementor-widget-container\">\n\t\t\t<style>\/*! elementor - v3.17.0 - 08-11-2023 *\/\n.elementor-heading-title{padding:0;margin:0;line-height:1}.elementor-widget-heading .elementor-heading-title[class*=elementor-size-]>a{color:inherit;font-size:inherit;line-height:inherit}.elementor-widget-heading .elementor-heading-title.elementor-size-small{font-size:15px}.elementor-widget-heading .elementor-heading-title.elementor-size-medium{font-size:19px}.elementor-widget-heading .elementor-heading-title.elementor-size-large{font-size:29px}.elementor-widget-heading .elementor-heading-title.elementor-size-xl{font-size:39px}.elementor-widget-heading .elementor-heading-title.elementor-size-xxl{font-size:59px}<\/style><h2 class=\"elementor-heading-title elementor-size-default\">POL\u00cdTICA DE COOKIES<\/h2>\t\t<\/div>\n\t\t\t\t<\/div>\n\t\t\t\t\t<\/div>\n\t\t<\/div>\n\t\t\t\t\t\t\t<\/div>\n\t\t<\/section>\n\t\t\t\t<section class=\"elementor-section elementor-top-section elementor-element elementor-element-28b877bd elementor-section-boxed elementor-section-height-default elementor-section-height-default\" data-id=\"28b877bd\" data-element_type=\"section\">\n\t\t\t\t\t\t<div class=\"elementor-container elementor-column-gap-default\">\n\t\t\t\t\t<div class=\"elementor-column elementor-col-100 elementor-top-column elementor-element elementor-element-3e722c3\" data-id=\"3e722c3\" data-element_type=\"column\">\n\t\t\t<div class=\"elementor-widget-wrap elementor-element-populated\">\n\t\t\t\t\t\t\t\t<div class=\"elementor-element elementor-element-7618ea7c elementor-widget elementor-widget-text-editor\" data-id=\"7618ea7c\" data-element_type=\"widget\" data-widget_type=\"text-editor.default\">\n\t\t\t\t<div class=\"elementor-widget-container\">\n\t\t\t<style>\/*! elementor - v3.17.0 - 08-11-2023 *\/\n.elementor-widget-text-editor.elementor-drop-cap-view-stacked .elementor-drop-cap{background-color:#69727d;color:#fff}.elementor-widget-text-editor.elementor-drop-cap-view-framed .elementor-drop-cap{color:#69727d;border:3px solid;background-color:transparent}.elementor-widget-text-editor:not(.elementor-drop-cap-view-default) .elementor-drop-cap{margin-top:8px}.elementor-widget-text-editor:not(.elementor-drop-cap-view-default) .elementor-drop-cap-letter{width:1em;height:1em}.elementor-widget-text-editor .elementor-drop-cap{float:left;text-align:center;line-height:1;font-size:50px}.elementor-widget-text-editor .elementor-drop-cap-letter{display:inline-block}<\/style>\t\t\t\t<p>En cumplimiento del Real Decreto Ley 13\/2012, del 30 de marzo por el que se modifica la Ley de Servicios de Sociedad de la Informaci\u00f3n, y relativo a la utilizaci\u00f3n de cookies en p\u00e1ginas Webs; EDDM SOLUTIONS le informa que este sitio Web utiliza cookies para poder medir y analizar el tr\u00e1fico de la Web, para facilitarle su experiencia como usuario y ofrecerle un mejor servicio. Si lo desea puede configurar su navegador para ser avisado en pantalla de la recepci\u00f3n de cookies o bien para impedir la instalaci\u00f3n de las mismas, teniendo en cuenta que de esta forma dejar\u00eda de tener acceso a ciertas funciones en Internet.<\/p><p><strong>DEFINICI\u00d3N Y FUNCI\u00d3N DE LAS COOKIES<\/strong><br \/>Una cookie es un peque\u00f1o archivo creado por un sitio de Internet para almacenar informaci\u00f3n en su equipo, como por ejemplo, las preferencias cuando se visita una web. Cuando se accede a una p\u00e1gina Web que utiliza cookies, \u00e9sta solicita al navegador que guarde una o m\u00e1s cookies en el disco duro. Las cookies a menudo guardan la configuraci\u00f3n de los sitios web, como el idioma preferido o la ubicaci\u00f3n. As\u00ed, cuando el usuario vuelve a esa p\u00e1gina Web, el navegador env\u00eda de nuevo las cookies que le pertenecen, lo que le permite prestar servicio e informaci\u00f3n personalizada en funci\u00f3n de las necesidades. Las cookies tambi\u00e9n pueden llegar a guardar informaci\u00f3n que identifique personalmente a los usuarios, sin embargo este sitio web no utiliza este tipo de cookies, y s\u00f3lo tendr\u00e1 acceso a la informaci\u00f3n personal que usted proporcione a trav\u00e9s de los formularios de contacto. Se puede cambiar la configuraci\u00f3n de cookies del navegador que usted utiliza, para que le permita aprobar o rechazar autom\u00e1ticamente peticiones de almacenamiento de cookies cuando se cierra el navegador y otras opciones adicionales.<\/p><p><strong>TIPOS DE COOKIES QUE UTILIZA ESTA P\u00c1GINA WEB<\/strong><br \/>\u2013 T\u00e9cnicas: Este tipo de cookies facilita informaci\u00f3n sobre el uso que el usuario realiza de la Web, como por ejemplo, qu\u00e9 paginas ha visitado o si ha tenido problemas t\u00e9cnicos en los accesos. Estas cookies no permiten identificarle, puesto que la informaci\u00f3n que recogen es an\u00f3nima y ser\u00e1 utilizada \u00fanicamente para trabajos de mejora de dise\u00f1o de la p\u00e1gina y de navegaci\u00f3n, estad\u00edsticas de uso, etc. Permiten que la web funcione de forma m\u00e1s \u00e1gil y adaptada a las preferencias de los usuarios.<br \/>\u2013 De registro:\u00a0Se crean al registrarte o cuando inicia una sesi\u00f3n como usuario de la Web.<br \/>\u2013 De personalizaci\u00f3n: Permiten personalizar las funciones o contenidos del sitio web en funci\u00f3n de los datos obtenidos del navegador.<br \/>\u2013 Anal\u00edticas: Se utilizan con fines estad\u00edsticos. La informaci\u00f3n se utiliza para medici\u00f3n de la actividad en el sitio web, mediante Google Analytics, herramienta gratuita de an\u00e1lisis web proporcionada por Google, que principalmente permite a los propietarios de sitios web conocer c\u00f3mo interact\u00faan los usuarios con su sitio web. Este servicio de anal\u00edtica web ubica una serie de cookies en su ordenador con la \u00fanica finalidad de configurar estad\u00edsticas.<br \/>\u2013 Preferencias: Estas cookies nos permiten saber si usted ha visitado antes nuestro sitio o no. La p\u00e9rdida de la informaci\u00f3n almacenada en una cookie de preferencias puede hacer que la experiencia del sitio web sea menos funcional, pero no debe afectar a su funcionamiento.<br \/>\u2013 Estado de la sesi\u00f3n: Estas cookies guardan la informaci\u00f3n necesaria durante la sesi\u00f3n y los cambios relacionados con ella, y tambi\u00e9n determinan si est\u00e1 registrado o no en la web.<br \/>\u2013 Procesos: Las cookies de procesos permiten el funcionamiento del sitio web y ofrecen servicios esperados por el usuario que accede al sitio web como, por ejemplo, la navegaci\u00f3n por p\u00e1ginas web o el acceso a \u00e1reas seguras del sitio web.<\/p><p><strong>REVOCACI\u00d3N Y ELIMINACI\u00d3N DE COOKIES<\/strong><br \/>Usted puede configurar su navegador para permitir, bloquear, eliminar o desactivar las cookies instaladas en su equipo, mediante la configuraci\u00f3n de las opciones del<br \/>navegador instalado en su equipo. En caso que no permita la instalaci\u00f3n de cookies en su navegador es posible que no pueda acceder a alguna de las secciones o<br \/>funcionalidades de este sitio web.<br \/>Para configurar el navegador, desactivar o administrar la instalaci\u00f3n de cookies, y que de este modo se borren autom\u00e1ticamente una vez que se cierre el navegador, equipo o<br \/>dispositivo, puede obtener m\u00e1s informaci\u00f3n haciendo \u201cclick\u201d en los siguientes enlaces que le proporcionamos, en funci\u00f3n del navegador que usted utiliza:<br \/>\u2013 Google Chrome<br \/>\u2013 Mozilla Firefox<br \/>\u2013 Internet Explorer (Versi\u00f3n 11)<br \/>\u2013 Internet Explorer (Versi\u00f3n 10)<br \/>\u2013 Internet Explorer (Versi\u00f3n 9)<br \/>\u2013 Internet Explorer (Versi\u00f3n 7 &amp; 8)<br \/>\u2013 Internet Explorer (Versi\u00f3n 6)<br \/>\u2013 Opera<br \/>\u2013 Safari web<br \/>\u2013 Safari IOS<br \/>De forma general la mayor\u00eda de navegadores permite el acceso r\u00e1pido a la eliminaci\u00f3n de los datos de navegaci\u00f3n, pulsando la secuencia de teclas Ctrl+Mayus+Supr, pudi\u00e9ndose borrar las Cookies.<\/p><p><strong>ACTUALIZACI\u00d3N DE NUESTRA POL\u00cdTICA DE COOKIES<\/strong><br \/>Es posible que actualicemos nuestra Pol\u00edtica de Cookies en este sitio Web en funci\u00f3n de exigencias legales o t\u00e9cnicas, por ello si lo desea, aconsejamos que revise esta pol\u00edtica en alguna ocasi\u00f3n, al objeto de estar adecuadamente informado sobre c\u00f3mo y para qu\u00e9 usamos las cookies.<\/p>\t\t\t\t\t\t<\/div>\n\t\t\t\t<\/div>\n\t\t\t\t\t<\/div>\n\t\t<\/div>\n\t\t\t\t\t\t\t<\/div>\n\t\t<\/section>\n\t\t\t\t<section class=\"elementor-section elementor-top-section elementor-element elementor-element-6ed8a7be elementor-section-full_width elementor-section-height-default elementor-section-height-default\" data-id=\"6ed8a7be\" data-element_type=\"section\">\n\t\t\t\t\t\t<div class=\"elementor-container elementor-column-gap-default\">\n\t\t\t\t\t<div class=\"elementor-column elementor-col-100 elementor-top-column elementor-element elementor-element-3a2748a3\" data-id=\"3a2748a3\" data-element_type=\"column\">\n\t\t\t<div class=\"elementor-widget-wrap elementor-element-populated\">\n\t\t\t\t\t\t\t\t<div class=\"elementor-element elementor-element-69e2a7fb elementor-widget elementor-widget-spacer\" data-id=\"69e2a7fb\" data-element_type=\"widget\" data-widget_type=\"spacer.default\">\n\t\t\t\t<div class=\"elementor-widget-container\">\n\t\t\t<style>\/*! elementor - v3.17.0 - 08-11-2023 *\/\n.elementor-column .elementor-spacer-inner{height:var(--spacer-size)}.e-con{--container-widget-width:100%}.e-con-inner>.elementor-widget-spacer,.e-con>.elementor-widget-spacer{width:var(--container-widget-width,var(--spacer-size));--align-self:var(--container-widget-align-self,initial);--flex-shrink:0}.e-con-inner>.elementor-widget-spacer>.elementor-widget-container,.e-con>.elementor-widget-spacer>.elementor-widget-container{height:100%;width:100%}.e-con-inner>.elementor-widget-spacer>.elementor-widget-container>.elementor-spacer,.e-con>.elementor-widget-spacer>.elementor-widget-container>.elementor-spacer{height:100%}.e-con-inner>.elementor-widget-spacer>.elementor-widget-container>.elementor-spacer>.elementor-spacer-inner,.e-con>.elementor-widget-spacer>.elementor-widget-container>.elementor-spacer>.elementor-spacer-inner{height:var(--container-widget-height,var(--spacer-size))}.e-con-inner>.elementor-widget-spacer.elementor-widget-empty,.e-con>.elementor-widget-spacer.elementor-widget-empty{position:relative;min-height:22px;min-width:22px}.e-con-inner>.elementor-widget-spacer.elementor-widget-empty .elementor-widget-empty-icon,.e-con>.elementor-widget-spacer.elementor-widget-empty .elementor-widget-empty-icon{position:absolute;top:0;bottom:0;left:0;right:0;margin:auto;padding:0;width:22px;height:22px}<\/style>\t\t<div class=\"elementor-spacer\">\n\t\t\t<div class=\"elementor-spacer-inner\"><\/div>\n\t\t<\/div>\n\t\t\t\t<\/div>\n\t\t\t\t<\/div>\n\t\t\t\t\t<\/div>\n\t\t<\/div>\n\t\t\t\t\t\t\t<\/div>\n\t\t<\/section>\n\t\t\t\t\t\t\t<\/div>\n\t\t","protected":false},"excerpt":{"rendered":"<p>POL\u00cdTICA DE COOKIES En cumplimiento del Real Decreto Ley 13\/2012, del 30 de marzo por el que se modifica la Ley de Servicios de Sociedad de la Informaci\u00f3n, y relativo a la utilizaci\u00f3n de cookies en p\u00e1ginas Webs; EDDM SOLUTIONS le informa que este sitio Web utiliza cookies para poder medir y analizar el tr\u00e1fico [&hellip;]<\/p>\n","protected":false},"author":1,"featured_media":0,"parent":0,"menu_order":0,"comment_status":"closed","ping_status":"closed","template":"","meta":[],"yoast_head":"<!-- This site is optimized with the Yoast SEO plugin v20.3 - https:\/\/yoast.com\/wordpress\/plugins\/seo\/ -->\n<title>politica de cookies | EDDM SOLUTIONS<\/title>\n<meta name=\"description\" content=\"En cumplimiento del Real Decreto Ley 13\/2012, del 30 de marzo por el que se modifica la Ley de Servicios de Sociedad de la Informaci\u00f3n, y relativo a la utilizaci\u00f3n de cookies en p\u00e1ginas Webs; EDDM SOLUTIONS le informa que este sitio Web utiliza cookies para poder medir y analizar el tr\u00e1fico de la Web\" \/>\n<meta name=\"robots\" content=\"index, follow, max-snippet:-1, max-image-preview:large, max-video-preview:-1\" \/>\n<link rel=\"canonical\" href=\"https:\/\/eddm.es\/solutions\/politica-de-cookies\/\" \/>\n<meta property=\"og:locale\" content=\"es_ES\" \/>\n<meta property=\"og:type\" content=\"article\" \/>\n<meta property=\"og:title\" content=\"politica de cookies | EDDM SOLUTIONS\" \/>\n<meta property=\"og:description\" content=\"En cumplimiento del Real Decreto Ley 13\/2012, del 30 de marzo por el que se modifica la Ley de Servicios de Sociedad de la Informaci\u00f3n, y relativo a la utilizaci\u00f3n de cookies en p\u00e1ginas Webs; EDDM SOLUTIONS le informa que este sitio Web utiliza cookies para poder medir y analizar el tr\u00e1fico de la Web\" \/>\n<meta property=\"og:url\" content=\"https:\/\/eddm.es\/solutions\/politica-de-cookies\/\" \/>\n<meta property=\"og:site_name\" content=\"EDDM SOLUTIONS\" \/>\n<meta property=\"article:modified_time\" content=\"2022-07-27T06:51:02+00:00\" \/>\n<meta name=\"twitter:card\" content=\"summary_large_image\" \/>\n<meta name=\"twitter:label1\" content=\"Tiempo de lectura\" \/>\n\t<meta name=\"twitter:data1\" content=\"4 minutos\" \/>\n<script type=\"application\/ld+json\" class=\"yoast-schema-graph\">{\"@context\":\"https:\/\/schema.org\",\"@graph\":[{\"@type\":\"WebPage\",\"@id\":\"https:\/\/eddm.es\/solutions\/politica-de-cookies\/\",\"url\":\"https:\/\/eddm.es\/solutions\/politica-de-cookies\/\",\"name\":\"politica de cookies | EDDM SOLUTIONS\",\"isPartOf\":{\"@id\":\"https:\/\/eddm.es\/solutions\/#website\"},\"datePublished\":\"2017-04-18T12:03:34+00:00\",\"dateModified\":\"2022-07-27T06:51:02+00:00\",\"description\":\"En cumplimiento del Real Decreto Ley 13\/2012, del 30 de marzo por el que se modifica la Ley de Servicios de Sociedad de la Informaci\u00f3n, y relativo a la utilizaci\u00f3n de cookies en p\u00e1ginas Webs; EDDM SOLUTIONS le informa que este sitio Web utiliza cookies para poder medir y analizar el tr\u00e1fico de la Web\",\"breadcrumb\":{\"@id\":\"https:\/\/eddm.es\/solutions\/politica-de-cookies\/#breadcrumb\"},\"inLanguage\":\"es\",\"potentialAction\":[{\"@type\":\"ReadAction\",\"target\":[\"https:\/\/eddm.es\/solutions\/politica-de-cookies\/\"]}]},{\"@type\":\"BreadcrumbList\",\"@id\":\"https:\/\/eddm.es\/solutions\/politica-de-cookies\/#breadcrumb\",\"itemListElement\":[{\"@type\":\"ListItem\",\"position\":1,\"name\":\"Portada\",\"item\":\"https:\/\/eddm.es\/solutions\/\"},{\"@type\":\"ListItem\",\"position\":2,\"name\":\"politica de cookies\"}]},{\"@type\":\"WebSite\",\"@id\":\"https:\/\/eddm.es\/solutions\/#website\",\"url\":\"https:\/\/eddm.es\/solutions\/\",\"name\":\"EDDM SOLUTIONS\",\"description\":\"Impresi\u00f3n 3D a medida y consultor\u00eda en Fabricaci\u00f3n Aditiva\",\"publisher\":{\"@id\":\"https:\/\/eddm.es\/solutions\/#organization\"},\"potentialAction\":[{\"@type\":\"SearchAction\",\"target\":{\"@type\":\"EntryPoint\",\"urlTemplate\":\"https:\/\/eddm.es\/solutions\/?s={search_term_string}\"},\"query-input\":\"required name=search_term_string\"}],\"inLanguage\":\"es\"},{\"@type\":\"Organization\",\"@id\":\"https:\/\/eddm.es\/solutions\/#organization\",\"name\":\"EDDM SOLUTIONS\",\"url\":\"https:\/\/eddm.es\/solutions\/\",\"logo\":{\"@type\":\"ImageObject\",\"inLanguage\":\"es\",\"@id\":\"https:\/\/eddm.es\/solutions\/#\/schema\/logo\/image\/\",\"url\":\"https:\/\/eddm.es\/solutions\/wp-content\/uploads\/2022\/02\/Descriptivo_solutions.png\",\"contentUrl\":\"https:\/\/eddm.es\/solutions\/wp-content\/uploads\/2022\/02\/Descriptivo_solutions.png\",\"width\":2560,\"height\":1141,\"caption\":\"EDDM SOLUTIONS\"},\"image\":{\"@id\":\"https:\/\/eddm.es\/solutions\/#\/schema\/logo\/image\/\"}}]}<\/script>\n<!-- \/ Yoast SEO plugin. -->","yoast_head_json":{"title":"politica de cookies | EDDM SOLUTIONS","description":"En cumplimiento del Real Decreto Ley 13\/2012, del 30 de marzo por el que se modifica la Ley de Servicios de Sociedad de la Informaci\u00f3n, y relativo a la utilizaci\u00f3n de cookies en p\u00e1ginas Webs; EDDM SOLUTIONS le informa que este sitio Web utiliza cookies para poder medir y analizar el tr\u00e1fico de la Web","robots":{"index":"index","follow":"follow","max-snippet":"max-snippet:-1","max-image-preview":"max-image-preview:large","max-video-preview":"max-video-preview:-1"},"canonical":"https:\/\/eddm.es\/solutions\/politica-de-cookies\/","og_locale":"es_ES","og_type":"article","og_title":"politica de cookies | EDDM SOLUTIONS","og_description":"En cumplimiento del Real Decreto Ley 13\/2012, del 30 de marzo por el que se modifica la Ley de Servicios de Sociedad de la Informaci\u00f3n, y relativo a la utilizaci\u00f3n de cookies en p\u00e1ginas Webs; EDDM SOLUTIONS le informa que este sitio Web utiliza cookies para poder medir y analizar el tr\u00e1fico de la Web","og_url":"https:\/\/eddm.es\/solutions\/politica-de-cookies\/","og_site_name":"EDDM SOLUTIONS","article_modified_time":"2022-07-27T06:51:02+00:00","twitter_card":"summary_large_image","twitter_misc":{"Tiempo de lectura":"4 minutos"},"schema":{"@context":"https:\/\/schema.org","@graph":[{"@type":"WebPage","@id":"https:\/\/eddm.es\/solutions\/politica-de-cookies\/","url":"https:\/\/eddm.es\/solutions\/politica-de-cookies\/","name":"politica de cookies | EDDM SOLUTIONS","isPartOf":{"@id":"https:\/\/eddm.es\/solutions\/#website"},"datePublished":"2017-04-18T12:03:34+00:00","dateModified":"2022-07-27T06:51:02+00:00","description":"En cumplimiento del Real Decreto Ley 13\/2012, del 30 de marzo por el que se modifica la Ley de Servicios de Sociedad de la Informaci\u00f3n, y relativo a la utilizaci\u00f3n de cookies en p\u00e1ginas Webs; EDDM SOLUTIONS le informa que este sitio Web utiliza cookies para poder medir y analizar el tr\u00e1fico de la Web","breadcrumb":{"@id":"https:\/\/eddm.es\/solutions\/politica-de-cookies\/#breadcrumb"},"inLanguage":"es","potentialAction":[{"@type":"ReadAction","target":["https:\/\/eddm.es\/solutions\/politica-de-cookies\/"]}]},{"@type":"BreadcrumbList","@id":"https:\/\/eddm.es\/solutions\/politica-de-cookies\/#breadcrumb","itemListElement":[{"@type":"ListItem","position":1,"name":"Portada","item":"https:\/\/eddm.es\/solutions\/"},{"@type":"ListItem","position":2,"name":"politica de cookies"}]},{"@type":"WebSite","@id":"https:\/\/eddm.es\/solutions\/#website","url":"https:\/\/eddm.es\/solutions\/","name":"EDDM SOLUTIONS","description":"Impresi\u00f3n 3D a medida y consultor\u00eda en Fabricaci\u00f3n Aditiva","publisher":{"@id":"https:\/\/eddm.es\/solutions\/#organization"},"potentialAction":[{"@type":"SearchAction","target":{"@type":"EntryPoint","urlTemplate":"https:\/\/eddm.es\/solutions\/?s={search_term_string}"},"query-input":"required name=search_term_string"}],"inLanguage":"es"},{"@type":"Organization","@id":"https:\/\/eddm.es\/solutions\/#organization","name":"EDDM SOLUTIONS","url":"https:\/\/eddm.es\/solutions\/","logo":{"@type":"ImageObject","inLanguage":"es","@id":"https:\/\/eddm.es\/solutions\/#\/schema\/logo\/image\/","url":"https:\/\/eddm.es\/solutions\/wp-content\/uploads\/2022\/02\/Descriptivo_solutions.png","contentUrl":"https:\/\/eddm.es\/solutions\/wp-content\/uploads\/2022\/02\/Descriptivo_solutions.png","width":2560,"height":1141,"caption":"EDDM SOLUTIONS"},"image":{"@id":"https:\/\/eddm.es\/solutions\/#\/schema\/logo\/image\/"}}]}},"_links":{"self":[{"href":"https:\/\/eddm.es\/solutions\/wp-json\/wp\/v2\/pages\/29176"}],"collection":[{"href":"https:\/\/eddm.es\/solutions\/wp-json\/wp\/v2\/pages"}],"about":[{"href":"https:\/\/eddm.es\/solutions\/wp-json\/wp\/v2\/types\/page"}],"author":[{"embeddable":true,"href":"https:\/\/eddm.es\/solutions\/wp-json\/wp\/v2\/users\/1"}],"replies":[{"embeddable":true,"href":"https:\/\/eddm.es\/solutions\/wp-json\/wp\/v2\/comments?post=29176"}],"version-history":[{"count":7,"href":"https:\/\/eddm.es\/solutions\/wp-json\/wp\/v2\/pages\/29176\/revisions"}],"predecessor-version":[{"id":57307,"href":"https:\/\/eddm.es\/solutions\/wp-json\/wp\/v2\/pages\/29176\/revisions\/57307"}],"wp:attachment":[{"href":"https:\/\/eddm.es\/solutions\/wp-json\/wp\/v2\/media?parent=29176"}],"curies":[{"name":"wp","href":"https:\/\/api.w.org\/{rel}","templated":true}]}}