{"id":29184,"date":"2017-04-18T12:06:34","date_gmt":"2017-04-18T12:06:34","guid":{"rendered":"https:\/\/eddm.es\/solutions\/?page_id=29184"},"modified":"2022-07-27T06:43:32","modified_gmt":"2022-07-27T06:43:32","slug":"politica-de-privacidad","status":"publish","type":"page","link":"https:\/\/eddm.es\/solutions\/politica-de-privacidad\/","title":{"rendered":"politica de privacidad"},"content":{"rendered":"\t\t<div data-elementor-type=\"wp-page\" data-elementor-id=\"29184\" class=\"elementor elementor-29184\">\n\t\t\t\t\t\t\t\t\t<section class=\"elementor-section elementor-top-section elementor-element elementor-element-75f34168 elementor-section-boxed elementor-section-height-default elementor-section-height-default\" data-id=\"75f34168\" data-element_type=\"section\">\n\t\t\t\t\t\t<div class=\"elementor-container elementor-column-gap-default\">\n\t\t\t\t\t<div class=\"elementor-column elementor-col-100 elementor-top-column elementor-element elementor-element-4d615d1\" data-id=\"4d615d1\" data-element_type=\"column\">\n\t\t\t<div class=\"elementor-widget-wrap\">\n\t\t\t\t\t\t\t\t\t<\/div>\n\t\t<\/div>\n\t\t\t\t\t\t\t<\/div>\n\t\t<\/section>\n\t\t\t\t<section class=\"elementor-section elementor-top-section elementor-element elementor-element-f8918c5 elementor-section-full_width elementor-section-height-default elementor-section-height-default\" data-id=\"f8918c5\" data-element_type=\"section\" data-settings=\"{&quot;background_background&quot;:&quot;classic&quot;}\">\n\t\t\t\t\t\t<div class=\"elementor-container elementor-column-gap-default\">\n\t\t\t\t\t<div class=\"elementor-column elementor-col-100 elementor-top-column elementor-element elementor-element-55b174d\" data-id=\"55b174d\" data-element_type=\"column\">\n\t\t\t<div class=\"elementor-widget-wrap elementor-element-populated\">\n\t\t\t\t\t\t\t\t<div class=\"elementor-element elementor-element-be4d509 elementor-widget elementor-widget-heading\" data-id=\"be4d509\" data-element_type=\"widget\" data-widget_type=\"heading.default\">\n\t\t\t\t<div class=\"elementor-widget-container\">\n\t\t\t<style>\/*! elementor - v3.17.0 - 08-11-2023 *\/\n.elementor-heading-title{padding:0;margin:0;line-height:1}.elementor-widget-heading .elementor-heading-title[class*=elementor-size-]>a{color:inherit;font-size:inherit;line-height:inherit}.elementor-widget-heading .elementor-heading-title.elementor-size-small{font-size:15px}.elementor-widget-heading .elementor-heading-title.elementor-size-medium{font-size:19px}.elementor-widget-heading .elementor-heading-title.elementor-size-large{font-size:29px}.elementor-widget-heading .elementor-heading-title.elementor-size-xl{font-size:39px}.elementor-widget-heading .elementor-heading-title.elementor-size-xxl{font-size:59px}<\/style><h2 class=\"elementor-heading-title elementor-size-default\">POL\u00cdTICA DE PRIVACIDAD<\/h2>\t\t<\/div>\n\t\t\t\t<\/div>\n\t\t\t\t\t<\/div>\n\t\t<\/div>\n\t\t\t\t\t\t\t<\/div>\n\t\t<\/section>\n\t\t\t\t<section class=\"elementor-section elementor-top-section elementor-element elementor-element-b8c0aef elementor-section-boxed elementor-section-height-default elementor-section-height-default\" data-id=\"b8c0aef\" data-element_type=\"section\">\n\t\t\t\t\t\t<div class=\"elementor-container elementor-column-gap-default\">\n\t\t\t\t\t<div class=\"elementor-column elementor-col-100 elementor-top-column elementor-element elementor-element-2bdbafed\" data-id=\"2bdbafed\" data-element_type=\"column\">\n\t\t\t<div class=\"elementor-widget-wrap elementor-element-populated\">\n\t\t\t\t\t\t\t\t<div class=\"elementor-element elementor-element-107706f2 elementor-widget elementor-widget-text-editor\" data-id=\"107706f2\" data-element_type=\"widget\" data-widget_type=\"text-editor.default\">\n\t\t\t\t<div class=\"elementor-widget-container\">\n\t\t\t<style>\/*! elementor - v3.17.0 - 08-11-2023 *\/\n.elementor-widget-text-editor.elementor-drop-cap-view-stacked .elementor-drop-cap{background-color:#69727d;color:#fff}.elementor-widget-text-editor.elementor-drop-cap-view-framed .elementor-drop-cap{color:#69727d;border:3px solid;background-color:transparent}.elementor-widget-text-editor:not(.elementor-drop-cap-view-default) .elementor-drop-cap{margin-top:8px}.elementor-widget-text-editor:not(.elementor-drop-cap-view-default) .elementor-drop-cap-letter{width:1em;height:1em}.elementor-widget-text-editor .elementor-drop-cap{float:left;text-align:center;line-height:1;font-size:50px}.elementor-widget-text-editor .elementor-drop-cap-letter{display:inline-block}<\/style>\t\t\t\t<div><strong>Tratamiento de datos personales<\/strong><\/div><div>En cumplimiento de la Ley 15\/1999 de 13 de diciembre de Protecci\u00f3n de Datos de Car\u00e1cter Personal, EDDM comunica a los usuarios de www.eddm.es que los datos personales facilitados a trav\u00e9s de este Sitio, mediante los correspondientes formularios y los e-mails recibidos solicitando informaci\u00f3n o enviando observaciones, se incluir\u00e1n, salvo que en el apartado concreto se especifique otra cosa, en un fichero propiedad de EDDM.<\/div><p>Asimismo, en cada formulario de recogida de datos el usuario es informado de la finalidad de dicha recogida y de los destinatarios de la informaci\u00f3n. En caso de que los datos se utilicen para una finalidad distinta a aquella para la que hayan sido recabados, se requerir\u00e1 el consentimiento previo de los interesados.<\/p><div><strong>Derechos de los afectados<\/strong><\/div><div>El usuario podr\u00e1 ejercer los derechos de acceso, rectificaci\u00f3n, oposici\u00f3n y cancelaci\u00f3n de los datos personales seg\u00fan lo dispuesto en la Ley Org\u00e1nica de Protecci\u00f3n de Datos de Car\u00e1cter Personal (LO 15\/1999), dirigiendo un escrito y adjuntando copia del DNI o del Pasaporte a la siguiente direcci\u00f3n:<\/div><div>Plaza Carlos Tr\u00edas Bertr\u00e1n 4, 28020, Madrid.<\/div><div>\u00a0<\/div><div><strong>Medidas de seguridad<\/strong><\/div><p>El responsable del fichero ha adoptado los niveles de seguridad de protecci\u00f3n de los datos personales legalmente requeridos y ha instalado todos los medios y medidas t\u00e9cnicas a disposici\u00f3n seg\u00fan el estado de la tecnolog\u00eda para evitar la p\u00e9rdida, mal uso, alteraci\u00f3n, acceso no autorizado y robo de los datos personales facilitados.<\/p><div><strong>Deber de secreto<\/strong><\/div><p>El usuario cuenta con la confidencialidad y el deber de secreto de los empleados de EDDM y de todos aquellos que traten los datos en nombre y por cuenta del mismo. Sin perjuicio de lo anterior, el usuario debe ser consciente de que la seguridad de las comunicaciones a trav\u00e9s de la red no es invulnerable.<\/p>\t\t\t\t\t\t<\/div>\n\t\t\t\t<\/div>\n\t\t\t\t\t<\/div>\n\t\t<\/div>\n\t\t\t\t\t\t\t<\/div>\n\t\t<\/section>\n\t\t\t\t<section class=\"elementor-section elementor-top-section elementor-element elementor-element-7052300 elementor-section-full_width elementor-section-height-default elementor-section-height-default\" data-id=\"7052300\" data-element_type=\"section\">\n\t\t\t\t\t\t<div class=\"elementor-container elementor-column-gap-default\">\n\t\t\t\t\t<div class=\"elementor-column elementor-col-100 elementor-top-column elementor-element elementor-element-6b0eac01\" data-id=\"6b0eac01\" data-element_type=\"column\">\n\t\t\t<div class=\"elementor-widget-wrap elementor-element-populated\">\n\t\t\t\t\t\t\t\t<div class=\"elementor-element elementor-element-114998ea elementor-widget elementor-widget-spacer\" data-id=\"114998ea\" data-element_type=\"widget\" data-widget_type=\"spacer.default\">\n\t\t\t\t<div class=\"elementor-widget-container\">\n\t\t\t<style>\/*! elementor - v3.17.0 - 08-11-2023 *\/\n.elementor-column .elementor-spacer-inner{height:var(--spacer-size)}.e-con{--container-widget-width:100%}.e-con-inner>.elementor-widget-spacer,.e-con>.elementor-widget-spacer{width:var(--container-widget-width,var(--spacer-size));--align-self:var(--container-widget-align-self,initial);--flex-shrink:0}.e-con-inner>.elementor-widget-spacer>.elementor-widget-container,.e-con>.elementor-widget-spacer>.elementor-widget-container{height:100%;width:100%}.e-con-inner>.elementor-widget-spacer>.elementor-widget-container>.elementor-spacer,.e-con>.elementor-widget-spacer>.elementor-widget-container>.elementor-spacer{height:100%}.e-con-inner>.elementor-widget-spacer>.elementor-widget-container>.elementor-spacer>.elementor-spacer-inner,.e-con>.elementor-widget-spacer>.elementor-widget-container>.elementor-spacer>.elementor-spacer-inner{height:var(--container-widget-height,var(--spacer-size))}.e-con-inner>.elementor-widget-spacer.elementor-widget-empty,.e-con>.elementor-widget-spacer.elementor-widget-empty{position:relative;min-height:22px;min-width:22px}.e-con-inner>.elementor-widget-spacer.elementor-widget-empty .elementor-widget-empty-icon,.e-con>.elementor-widget-spacer.elementor-widget-empty .elementor-widget-empty-icon{position:absolute;top:0;bottom:0;left:0;right:0;margin:auto;padding:0;width:22px;height:22px}<\/style>\t\t<div class=\"elementor-spacer\">\n\t\t\t<div class=\"elementor-spacer-inner\"><\/div>\n\t\t<\/div>\n\t\t\t\t<\/div>\n\t\t\t\t<\/div>\n\t\t\t\t\t<\/div>\n\t\t<\/div>\n\t\t\t\t\t\t\t<\/div>\n\t\t<\/section>\n\t\t\t\t\t\t\t<\/div>\n\t\t","protected":false},"excerpt":{"rendered":"<p>POL\u00cdTICA DE PRIVACIDAD Tratamiento de datos personalesEn cumplimiento de la Ley 15\/1999 de 13 de diciembre de Protecci\u00f3n de Datos de Car\u00e1cter Personal, EDDM comunica a los usuarios de www.eddm.es que los datos personales facilitados a trav\u00e9s de este Sitio, mediante los correspondientes formularios y los e-mails recibidos solicitando informaci\u00f3n o enviando observaciones, se incluir\u00e1n, [&hellip;]<\/p>\n","protected":false},"author":1,"featured_media":0,"parent":0,"menu_order":0,"comment_status":"closed","ping_status":"closed","template":"","meta":[],"yoast_head":"<!-- This site is optimized with the Yoast SEO plugin v20.3 - https:\/\/yoast.com\/wordpress\/plugins\/seo\/ -->\n<title>politica de privacidad | EDDM SOLUTIONS<\/title>\n<meta name=\"description\" content=\"En cumplimiento de la Ley 15\/1999 de 13 de diciembre de Protecci\u00f3n de Datos de Car\u00e1cter Personal, EDDM comunica a los usuarios de www.eddm.es que los datos personales facilitados a trav\u00e9s de este Sitio, mediante los correspondientes formularios y los e-mails recibidos solicitando informaci\u00f3n o enviando\" \/>\n<meta name=\"robots\" content=\"index, follow, max-snippet:-1, max-image-preview:large, max-video-preview:-1\" \/>\n<link rel=\"canonical\" href=\"https:\/\/eddm.es\/solutions\/politica-de-privacidad\/\" \/>\n<meta property=\"og:locale\" content=\"es_ES\" \/>\n<meta property=\"og:type\" content=\"article\" \/>\n<meta property=\"og:title\" content=\"politica de privacidad | EDDM SOLUTIONS\" \/>\n<meta property=\"og:description\" content=\"En cumplimiento de la Ley 15\/1999 de 13 de diciembre de Protecci\u00f3n de Datos de Car\u00e1cter Personal, EDDM comunica a los usuarios de www.eddm.es que los datos personales facilitados a trav\u00e9s de este Sitio, mediante los correspondientes formularios y los e-mails recibidos solicitando informaci\u00f3n o enviando\" \/>\n<meta property=\"og:url\" content=\"https:\/\/eddm.es\/solutions\/politica-de-privacidad\/\" \/>\n<meta property=\"og:site_name\" content=\"EDDM SOLUTIONS\" \/>\n<meta property=\"article:modified_time\" content=\"2022-07-27T06:43:32+00:00\" \/>\n<meta name=\"twitter:card\" content=\"summary_large_image\" \/>\n<meta name=\"twitter:label1\" content=\"Tiempo de lectura\" \/>\n\t<meta name=\"twitter:data1\" content=\"2 minutos\" \/>\n<script type=\"application\/ld+json\" class=\"yoast-schema-graph\">{\"@context\":\"https:\/\/schema.org\",\"@graph\":[{\"@type\":\"WebPage\",\"@id\":\"https:\/\/eddm.es\/solutions\/politica-de-privacidad\/\",\"url\":\"https:\/\/eddm.es\/solutions\/politica-de-privacidad\/\",\"name\":\"politica de privacidad | EDDM SOLUTIONS\",\"isPartOf\":{\"@id\":\"https:\/\/eddm.es\/solutions\/#website\"},\"datePublished\":\"2017-04-18T12:06:34+00:00\",\"dateModified\":\"2022-07-27T06:43:32+00:00\",\"description\":\"En cumplimiento de la Ley 15\/1999 de 13 de diciembre de Protecci\u00f3n de Datos de Car\u00e1cter Personal, EDDM comunica a los usuarios de www.eddm.es que los datos personales facilitados a trav\u00e9s de este Sitio, mediante los correspondientes formularios y los e-mails recibidos solicitando informaci\u00f3n o enviando\",\"breadcrumb\":{\"@id\":\"https:\/\/eddm.es\/solutions\/politica-de-privacidad\/#breadcrumb\"},\"inLanguage\":\"es\",\"potentialAction\":[{\"@type\":\"ReadAction\",\"target\":[\"https:\/\/eddm.es\/solutions\/politica-de-privacidad\/\"]}]},{\"@type\":\"BreadcrumbList\",\"@id\":\"https:\/\/eddm.es\/solutions\/politica-de-privacidad\/#breadcrumb\",\"itemListElement\":[{\"@type\":\"ListItem\",\"position\":1,\"name\":\"Portada\",\"item\":\"https:\/\/eddm.es\/solutions\/\"},{\"@type\":\"ListItem\",\"position\":2,\"name\":\"politica de privacidad\"}]},{\"@type\":\"WebSite\",\"@id\":\"https:\/\/eddm.es\/solutions\/#website\",\"url\":\"https:\/\/eddm.es\/solutions\/\",\"name\":\"EDDM SOLUTIONS\",\"description\":\"Impresi\u00f3n 3D a medida y consultor\u00eda en Fabricaci\u00f3n Aditiva\",\"publisher\":{\"@id\":\"https:\/\/eddm.es\/solutions\/#organization\"},\"potentialAction\":[{\"@type\":\"SearchAction\",\"target\":{\"@type\":\"EntryPoint\",\"urlTemplate\":\"https:\/\/eddm.es\/solutions\/?s={search_term_string}\"},\"query-input\":\"required name=search_term_string\"}],\"inLanguage\":\"es\"},{\"@type\":\"Organization\",\"@id\":\"https:\/\/eddm.es\/solutions\/#organization\",\"name\":\"EDDM SOLUTIONS\",\"url\":\"https:\/\/eddm.es\/solutions\/\",\"logo\":{\"@type\":\"ImageObject\",\"inLanguage\":\"es\",\"@id\":\"https:\/\/eddm.es\/solutions\/#\/schema\/logo\/image\/\",\"url\":\"https:\/\/eddm.es\/solutions\/wp-content\/uploads\/2022\/02\/Descriptivo_solutions.png\",\"contentUrl\":\"https:\/\/eddm.es\/solutions\/wp-content\/uploads\/2022\/02\/Descriptivo_solutions.png\",\"width\":2560,\"height\":1141,\"caption\":\"EDDM SOLUTIONS\"},\"image\":{\"@id\":\"https:\/\/eddm.es\/solutions\/#\/schema\/logo\/image\/\"}}]}<\/script>\n<!-- \/ Yoast SEO plugin. -->","yoast_head_json":{"title":"politica de privacidad | EDDM SOLUTIONS","description":"En cumplimiento de la Ley 15\/1999 de 13 de diciembre de Protecci\u00f3n de Datos de Car\u00e1cter Personal, EDDM comunica a los usuarios de www.eddm.es que los datos personales facilitados a trav\u00e9s de este Sitio, mediante los correspondientes formularios y los e-mails recibidos solicitando informaci\u00f3n o enviando","robots":{"index":"index","follow":"follow","max-snippet":"max-snippet:-1","max-image-preview":"max-image-preview:large","max-video-preview":"max-video-preview:-1"},"canonical":"https:\/\/eddm.es\/solutions\/politica-de-privacidad\/","og_locale":"es_ES","og_type":"article","og_title":"politica de privacidad | EDDM SOLUTIONS","og_description":"En cumplimiento de la Ley 15\/1999 de 13 de diciembre de Protecci\u00f3n de Datos de Car\u00e1cter Personal, EDDM comunica a los usuarios de www.eddm.es que los datos personales facilitados a trav\u00e9s de este Sitio, mediante los correspondientes formularios y los e-mails recibidos solicitando informaci\u00f3n o enviando","og_url":"https:\/\/eddm.es\/solutions\/politica-de-privacidad\/","og_site_name":"EDDM SOLUTIONS","article_modified_time":"2022-07-27T06:43:32+00:00","twitter_card":"summary_large_image","twitter_misc":{"Tiempo de lectura":"2 minutos"},"schema":{"@context":"https:\/\/schema.org","@graph":[{"@type":"WebPage","@id":"https:\/\/eddm.es\/solutions\/politica-de-privacidad\/","url":"https:\/\/eddm.es\/solutions\/politica-de-privacidad\/","name":"politica de privacidad | EDDM SOLUTIONS","isPartOf":{"@id":"https:\/\/eddm.es\/solutions\/#website"},"datePublished":"2017-04-18T12:06:34+00:00","dateModified":"2022-07-27T06:43:32+00:00","description":"En cumplimiento de la Ley 15\/1999 de 13 de diciembre de Protecci\u00f3n de Datos de Car\u00e1cter Personal, EDDM comunica a los usuarios de www.eddm.es que los datos personales facilitados a trav\u00e9s de este Sitio, mediante los correspondientes formularios y los e-mails recibidos solicitando informaci\u00f3n o enviando","breadcrumb":{"@id":"https:\/\/eddm.es\/solutions\/politica-de-privacidad\/#breadcrumb"},"inLanguage":"es","potentialAction":[{"@type":"ReadAction","target":["https:\/\/eddm.es\/solutions\/politica-de-privacidad\/"]}]},{"@type":"BreadcrumbList","@id":"https:\/\/eddm.es\/solutions\/politica-de-privacidad\/#breadcrumb","itemListElement":[{"@type":"ListItem","position":1,"name":"Portada","item":"https:\/\/eddm.es\/solutions\/"},{"@type":"ListItem","position":2,"name":"politica de privacidad"}]},{"@type":"WebSite","@id":"https:\/\/eddm.es\/solutions\/#website","url":"https:\/\/eddm.es\/solutions\/","name":"EDDM SOLUTIONS","description":"Impresi\u00f3n 3D a medida y consultor\u00eda en Fabricaci\u00f3n Aditiva","publisher":{"@id":"https:\/\/eddm.es\/solutions\/#organization"},"potentialAction":[{"@type":"SearchAction","target":{"@type":"EntryPoint","urlTemplate":"https:\/\/eddm.es\/solutions\/?s={search_term_string}"},"query-input":"required name=search_term_string"}],"inLanguage":"es"},{"@type":"Organization","@id":"https:\/\/eddm.es\/solutions\/#organization","name":"EDDM SOLUTIONS","url":"https:\/\/eddm.es\/solutions\/","logo":{"@type":"ImageObject","inLanguage":"es","@id":"https:\/\/eddm.es\/solutions\/#\/schema\/logo\/image\/","url":"https:\/\/eddm.es\/solutions\/wp-content\/uploads\/2022\/02\/Descriptivo_solutions.png","contentUrl":"https:\/\/eddm.es\/solutions\/wp-content\/uploads\/2022\/02\/Descriptivo_solutions.png","width":2560,"height":1141,"caption":"EDDM SOLUTIONS"},"image":{"@id":"https:\/\/eddm.es\/solutions\/#\/schema\/logo\/image\/"}}]}},"_links":{"self":[{"href":"https:\/\/eddm.es\/solutions\/wp-json\/wp\/v2\/pages\/29184"}],"collection":[{"href":"https:\/\/eddm.es\/solutions\/wp-json\/wp\/v2\/pages"}],"about":[{"href":"https:\/\/eddm.es\/solutions\/wp-json\/wp\/v2\/types\/page"}],"author":[{"embeddable":true,"href":"https:\/\/eddm.es\/solutions\/wp-json\/wp\/v2\/users\/1"}],"replies":[{"embeddable":true,"href":"https:\/\/eddm.es\/solutions\/wp-json\/wp\/v2\/comments?post=29184"}],"version-history":[{"count":7,"href":"https:\/\/eddm.es\/solutions\/wp-json\/wp\/v2\/pages\/29184\/revisions"}],"predecessor-version":[{"id":56720,"href":"https:\/\/eddm.es\/solutions\/wp-json\/wp\/v2\/pages\/29184\/revisions\/56720"}],"wp:attachment":[{"href":"https:\/\/eddm.es\/solutions\/wp-json\/wp\/v2\/media?parent=29184"}],"curies":[{"name":"wp","href":"https:\/\/api.w.org\/{rel}","templated":true}]}}