{"id":56701,"date":"2022-07-27T06:36:05","date_gmt":"2022-07-27T06:36:05","guid":{"rendered":"https:\/\/eddm.es\/solutions\/?page_id=56701"},"modified":"2023-01-23T13:50:12","modified_gmt":"2023-01-23T13:50:12","slug":"aviso-legal","status":"publish","type":"page","link":"https:\/\/eddm.es\/solutions\/aviso-legal\/","title":{"rendered":"aviso legal"},"content":{"rendered":"\t\t<div data-elementor-type=\"wp-page\" data-elementor-id=\"56701\" class=\"elementor elementor-56701\">\n\t\t\t\t\t\t\t\t\t<section class=\"elementor-section elementor-top-section elementor-element elementor-element-53512a9 elementor-section-full_width elementor-section-height-default elementor-section-height-default\" data-id=\"53512a9\" data-element_type=\"section\" data-settings=\"{&quot;background_background&quot;:&quot;classic&quot;}\">\n\t\t\t\t\t\t<div class=\"elementor-container elementor-column-gap-default\">\n\t\t\t\t\t<div class=\"elementor-column elementor-col-100 elementor-top-column elementor-element elementor-element-8dc6294\" data-id=\"8dc6294\" data-element_type=\"column\">\n\t\t\t<div class=\"elementor-widget-wrap elementor-element-populated\">\n\t\t\t\t\t\t\t\t<div class=\"elementor-element elementor-element-dd91814 elementor-widget elementor-widget-heading\" data-id=\"dd91814\" data-element_type=\"widget\" data-widget_type=\"heading.default\">\n\t\t\t\t<div class=\"elementor-widget-container\">\n\t\t\t<style>\/*! elementor - v3.17.0 - 08-11-2023 *\/\n.elementor-heading-title{padding:0;margin:0;line-height:1}.elementor-widget-heading .elementor-heading-title[class*=elementor-size-]>a{color:inherit;font-size:inherit;line-height:inherit}.elementor-widget-heading .elementor-heading-title.elementor-size-small{font-size:15px}.elementor-widget-heading .elementor-heading-title.elementor-size-medium{font-size:19px}.elementor-widget-heading .elementor-heading-title.elementor-size-large{font-size:29px}.elementor-widget-heading .elementor-heading-title.elementor-size-xl{font-size:39px}.elementor-widget-heading .elementor-heading-title.elementor-size-xxl{font-size:59px}<\/style><h2 class=\"elementor-heading-title elementor-size-default\">Aviso legal<\/h2>\t\t<\/div>\n\t\t\t\t<\/div>\n\t\t\t\t\t<\/div>\n\t\t<\/div>\n\t\t\t\t\t\t\t<\/div>\n\t\t<\/section>\n\t\t\t\t<section class=\"elementor-section elementor-top-section elementor-element elementor-element-3c0782af elementor-section-boxed elementor-section-height-default elementor-section-height-default\" data-id=\"3c0782af\" data-element_type=\"section\">\n\t\t\t\t\t\t<div class=\"elementor-container elementor-column-gap-default\">\n\t\t\t\t\t<div class=\"elementor-column elementor-col-100 elementor-top-column elementor-element elementor-element-25d84251\" data-id=\"25d84251\" data-element_type=\"column\">\n\t\t\t<div class=\"elementor-widget-wrap elementor-element-populated\">\n\t\t\t\t\t\t\t\t<div class=\"elementor-element elementor-element-3fd6e9c5 elementor-widget elementor-widget-text-editor\" data-id=\"3fd6e9c5\" data-element_type=\"widget\" data-widget_type=\"text-editor.default\">\n\t\t\t\t<div class=\"elementor-widget-container\">\n\t\t\t<style>\/*! elementor - v3.17.0 - 08-11-2023 *\/\n.elementor-widget-text-editor.elementor-drop-cap-view-stacked .elementor-drop-cap{background-color:#69727d;color:#fff}.elementor-widget-text-editor.elementor-drop-cap-view-framed .elementor-drop-cap{color:#69727d;border:3px solid;background-color:transparent}.elementor-widget-text-editor:not(.elementor-drop-cap-view-default) .elementor-drop-cap{margin-top:8px}.elementor-widget-text-editor:not(.elementor-drop-cap-view-default) .elementor-drop-cap-letter{width:1em;height:1em}.elementor-widget-text-editor .elementor-drop-cap{float:left;text-align:center;line-height:1;font-size:50px}.elementor-widget-text-editor .elementor-drop-cap-letter{display:inline-block}<\/style>\t\t\t\t<p><strong>Datos identificativos<\/strong><br>Denominaci\u00f3n social: Escuela de Dise\u00f1o Mec\u00e1nico S.L.(EDDM)<br>Domicilio fiscal: Calle del Eucalipto 33,&nbsp; 28016, Madrid<\/p><p>CIF: B86744117<br>Tel\u00e9fono: 915781598<\/p>\n<p>www.eddm.es ofrece informaci\u00f3n, acceso a contenidos y noticias sobre las actividades de la empresa. El hecho de acceder a este sitio Web (en adelante, el \u201cSitio\u201d) implica el conocimiento y aceptaci\u00f3n de los siguientes:<\/p>\n<p><strong>T\u00e9rminos y condiciones de utilizaci\u00f3n<\/strong><br>El usuario se compromete a utilizar este Sitio conforme a lo establecido en el presente aviso legal. En ning\u00fan caso, EDDM ser\u00e1 responsable de los da\u00f1os que pudiera sufrir o provocar el usuario por uso err\u00f3neo o indebido del mismo o de sus contenidos. El usuario asumir\u00e1 todos los gastos, costes e indemnizaciones que pudieran derivarse de procesos iniciados contra \u00e9l por incumplimiento de lo establecido en el presente aviso legal.<\/p>\n<p>Este Sitio s\u00f3lo contiene informaci\u00f3n general acerca de las actividades realizadas por EDDM. El usuario se compromete a no utilizar aqu\u00e9l o sus contenidos de forma contraria a lo dispuesto por la legislaci\u00f3n vigente que sea de aplicaci\u00f3n.<\/p>\n<p>En ning\u00fan caso, EDDM ser\u00e1 responsable de cualquier interrupci\u00f3n o falta de continuidad en el acceso al Sitio causado por acciones u omisiones de EDDM o de terceros.<\/p>\n<p><strong>Propiedad intelectual e industrial<\/strong><br>Quedan reservados todos los derechos de propiedad industrial e intelectual de los elementos que integran el dise\u00f1o gr\u00e1fico del Sitio, los men\u00fas, botones de navegaci\u00f3n, el c\u00f3digo HTML, los applets de Java o Java Script, los controles de ActiveX, los textos, im\u00e1genes, texturas, gr\u00e1ficos y cualquier otro contenido de este Sitio. El acceso a este Sitio no otorga a los usuarios derecho, ni titularidad alguna sobre los derechos de propiedad intelectual de los contenidos que alberga.<\/p>\n<p>Asimismo, EDDM es titular del dominio www.eddm.es.<\/p>\n<p>EDDM se reserva los derechos de reproducci\u00f3n, modificaci\u00f3n, adaptaci\u00f3n, comunicaci\u00f3n p\u00fablica, mantenimiento, correcci\u00f3n de errores, cesi\u00f3n, venta, alquiler, pr\u00e9stamo y\/o cualquier otro derecho de propiedad intelectual o industrial que pueda corresponderle sobre los contenidos de su Sitio. Cualquier ejercicio de los anteriores derechos, con independencia del medio o forma en que se produjeran, requiere autorizaci\u00f3n previa y por escrito de EDDM. En ning\u00fan caso, EDDM ser\u00e1 responsable de las posibles infracciones que en materia de propiedad intelectual e industrial pudiera cometer cualquier usuario de este Sitio. EDDM se reserva la posibilidad de ejercer las acciones judiciales que correspondan contra los usuarios que violen o infrinjan los derechos de propiedad intelectual e industrial.<\/p>\n<p><strong>Contenidos<\/strong><br>EDDM realiza los m\u00e1ximos esfuerzos para evitar errores en los contenidos del Sitio. EDDM no garantiza ni se responsabiliza de las consecuencias que pudieran derivarse de los errores en los contenidos que pudieran aparecer en este Sitio, proporcionados por terceros.<\/p>\n<p>EDDM puede ofrecer enlaces a otros sitios Web. EDDM no se responsabiliza de aquellos contenidos, actividades comerciales, productos y servicios incluidos que pudieran visualizarse mediante enlaces electr\u00f3nicos (links), directa o indirectamente, a trav\u00e9s de este Sitio. La presencia de links en el Sitio de EDDM, salvo manifestaci\u00f3n expresa en contrario, tiene una finalidad meramente informativa y en ning\u00fan caso supone sugerencia, invitaci\u00f3n o recomendaci\u00f3n sobre los mismos. EDDM no garantiza el cumplimiento ni de la normativa de protecci\u00f3n de datos ni de la sociedad de la informaci\u00f3n en los links.<\/p>\n<p>EDDM excluye toda responsabilidad que pudiera derivarse de la transmisi\u00f3n de informaci\u00f3n entre usuarios. La responsabilidad de las manifestaciones difundidas en este Sitio es exclusiva de quienes las realizan.<\/p>\n<p>EDDM se reserva el derecho a impedir o prohibir el acceso a cualquier usuario de Internet que introduzca en este Sitio cualquier contenido inmoral o contrario a las normas, reserv\u00e1ndose el derecho de ejercer las medidas legales que estime oportunas para evitar este tipo de conductas.<\/p>\n<p><strong>Actualizaci\u00f3n y Modificaci\u00f3n de la informaci\u00f3n<\/strong><br>La informaci\u00f3n que aparece en este Sitio es la vigente en la fecha de su \u00faltima actualizaci\u00f3n. EDDM se reserva el derecho a actualizar, modificar o eliminar el contenido y elementos que integran el Sitio, sin necesidad de comunicarlo previamente, cuando lo estime conveniente de acuerdo con el ejercicio de sus servicios.<\/p>\n<p>Se proh\u00edbe a terceros la alteraci\u00f3n, cambio, modificaci\u00f3n o adaptaci\u00f3n de este Sitio.<\/p>\n<p><b>Informaci\u00f3n sobre aspectos t\u00e9cnicos<br><\/b>EDDM no ser\u00e1 responsable de posibles da\u00f1os o perjuicios que se pudieran derivar de interferencias, omisiones, interrupciones, virus inform\u00e1ticos, aver\u00edas telef\u00f3nicas o desconexiones en el funcionamiento operativo de este sistema electr\u00f3nico, motivadas por causas ajenas a EDDM; de retrasos o bloqueos en el uso del presente sistema electr\u00f3nico causados por deficiencias o sobrecargas en su Centro de Procesos de Datos, de l\u00edneas telef\u00f3nicas, en el sistema de Internet o en otros sistemas electr\u00f3nicos; ni tampoco de da\u00f1os que puedan ser causados por terceras personas mediante intromisiones ileg\u00edtimas fuera del control de EDDM.<\/p>\n<p><b>Contacte con nosotros<br><\/b>Pueden dirigirse preguntas, sugerencias o recomendaciones en relaci\u00f3n con este Sitio a la siguiente direcci\u00f3n de correo electr\u00f3nico: info@eddm.es<\/p>\t\t\t\t\t\t<\/div>\n\t\t\t\t<\/div>\n\t\t\t\t\t<\/div>\n\t\t<\/div>\n\t\t\t\t\t\t\t<\/div>\n\t\t<\/section>\n\t\t\t\t<section class=\"elementor-section elementor-top-section elementor-element elementor-element-2bacc853 elementor-section-full_width elementor-section-height-default elementor-section-height-default\" data-id=\"2bacc853\" data-element_type=\"section\">\n\t\t\t\t\t\t<div class=\"elementor-container elementor-column-gap-default\">\n\t\t\t\t\t<div class=\"elementor-column elementor-col-100 elementor-top-column elementor-element elementor-element-4c6b3780\" data-id=\"4c6b3780\" data-element_type=\"column\">\n\t\t\t<div class=\"elementor-widget-wrap elementor-element-populated\">\n\t\t\t\t\t\t\t\t<div class=\"elementor-element elementor-element-2a0d80f2 elementor-widget elementor-widget-spacer\" data-id=\"2a0d80f2\" data-element_type=\"widget\" data-widget_type=\"spacer.default\">\n\t\t\t\t<div class=\"elementor-widget-container\">\n\t\t\t<style>\/*! elementor - v3.17.0 - 08-11-2023 *\/\n.elementor-column .elementor-spacer-inner{height:var(--spacer-size)}.e-con{--container-widget-width:100%}.e-con-inner>.elementor-widget-spacer,.e-con>.elementor-widget-spacer{width:var(--container-widget-width,var(--spacer-size));--align-self:var(--container-widget-align-self,initial);--flex-shrink:0}.e-con-inner>.elementor-widget-spacer>.elementor-widget-container,.e-con>.elementor-widget-spacer>.elementor-widget-container{height:100%;width:100%}.e-con-inner>.elementor-widget-spacer>.elementor-widget-container>.elementor-spacer,.e-con>.elementor-widget-spacer>.elementor-widget-container>.elementor-spacer{height:100%}.e-con-inner>.elementor-widget-spacer>.elementor-widget-container>.elementor-spacer>.elementor-spacer-inner,.e-con>.elementor-widget-spacer>.elementor-widget-container>.elementor-spacer>.elementor-spacer-inner{height:var(--container-widget-height,var(--spacer-size))}.e-con-inner>.elementor-widget-spacer.elementor-widget-empty,.e-con>.elementor-widget-spacer.elementor-widget-empty{position:relative;min-height:22px;min-width:22px}.e-con-inner>.elementor-widget-spacer.elementor-widget-empty .elementor-widget-empty-icon,.e-con>.elementor-widget-spacer.elementor-widget-empty .elementor-widget-empty-icon{position:absolute;top:0;bottom:0;left:0;right:0;margin:auto;padding:0;width:22px;height:22px}<\/style>\t\t<div class=\"elementor-spacer\">\n\t\t\t<div class=\"elementor-spacer-inner\"><\/div>\n\t\t<\/div>\n\t\t\t\t<\/div>\n\t\t\t\t<\/div>\n\t\t\t\t\t<\/div>\n\t\t<\/div>\n\t\t\t\t\t\t\t<\/div>\n\t\t<\/section>\n\t\t\t\t\t\t\t<\/div>\n\t\t","protected":false},"excerpt":{"rendered":"<p>Aviso legal Datos identificativosDenominaci\u00f3n social: Escuela de Dise\u00f1o Mec\u00e1nico S.L.(EDDM)Domicilio fiscal: Calle del Eucalipto 33,&nbsp; 28016, Madrid CIF: B86744117Tel\u00e9fono: 915781598 www.eddm.es ofrece informaci\u00f3n, acceso a contenidos y noticias sobre las actividades de la empresa. El hecho de acceder a este sitio Web (en adelante, el \u201cSitio\u201d) implica el conocimiento y aceptaci\u00f3n de los siguientes: T\u00e9rminos [&hellip;]<\/p>\n","protected":false},"author":1,"featured_media":0,"parent":0,"menu_order":0,"comment_status":"closed","ping_status":"closed","template":"","meta":[],"yoast_head":"<!-- This site is optimized with the Yoast SEO plugin v20.3 - https:\/\/yoast.com\/wordpress\/plugins\/seo\/ -->\n<title>aviso legal | EDDM SOLUTIONS<\/title>\n<meta name=\"robots\" content=\"index, follow, max-snippet:-1, max-image-preview:large, max-video-preview:-1\" \/>\n<link rel=\"canonical\" href=\"https:\/\/eddm.es\/solutions\/aviso-legal\/\" \/>\n<meta property=\"og:locale\" content=\"es_ES\" \/>\n<meta property=\"og:type\" content=\"article\" \/>\n<meta property=\"og:title\" content=\"aviso legal | EDDM SOLUTIONS\" \/>\n<meta property=\"og:description\" content=\"Aviso legal Datos identificativosDenominaci\u00f3n social: Escuela de Dise\u00f1o Mec\u00e1nico S.L.(EDDM)Domicilio fiscal: Calle del Eucalipto 33,&nbsp; 28016, Madrid CIF: B86744117Tel\u00e9fono: 915781598 www.eddm.es ofrece informaci\u00f3n, acceso a contenidos y noticias sobre las actividades de la empresa. El hecho de acceder a este sitio Web (en adelante, el \u201cSitio\u201d) implica el conocimiento y aceptaci\u00f3n de los siguientes: T\u00e9rminos [&hellip;]\" \/>\n<meta property=\"og:url\" content=\"https:\/\/eddm.es\/solutions\/aviso-legal\/\" \/>\n<meta property=\"og:site_name\" content=\"EDDM SOLUTIONS\" \/>\n<meta property=\"article:modified_time\" content=\"2023-01-23T13:50:12+00:00\" \/>\n<meta name=\"twitter:card\" content=\"summary_large_image\" \/>\n<meta name=\"twitter:label1\" content=\"Tiempo de lectura\" \/>\n\t<meta name=\"twitter:data1\" content=\"4 minutos\" \/>\n<script type=\"application\/ld+json\" class=\"yoast-schema-graph\">{\"@context\":\"https:\/\/schema.org\",\"@graph\":[{\"@type\":\"WebPage\",\"@id\":\"https:\/\/eddm.es\/solutions\/aviso-legal\/\",\"url\":\"https:\/\/eddm.es\/solutions\/aviso-legal\/\",\"name\":\"aviso legal | EDDM SOLUTIONS\",\"isPartOf\":{\"@id\":\"https:\/\/eddm.es\/solutions\/#website\"},\"datePublished\":\"2022-07-27T06:36:05+00:00\",\"dateModified\":\"2023-01-23T13:50:12+00:00\",\"breadcrumb\":{\"@id\":\"https:\/\/eddm.es\/solutions\/aviso-legal\/#breadcrumb\"},\"inLanguage\":\"es\",\"potentialAction\":[{\"@type\":\"ReadAction\",\"target\":[\"https:\/\/eddm.es\/solutions\/aviso-legal\/\"]}]},{\"@type\":\"BreadcrumbList\",\"@id\":\"https:\/\/eddm.es\/solutions\/aviso-legal\/#breadcrumb\",\"itemListElement\":[{\"@type\":\"ListItem\",\"position\":1,\"name\":\"Portada\",\"item\":\"https:\/\/eddm.es\/solutions\/\"},{\"@type\":\"ListItem\",\"position\":2,\"name\":\"aviso legal\"}]},{\"@type\":\"WebSite\",\"@id\":\"https:\/\/eddm.es\/solutions\/#website\",\"url\":\"https:\/\/eddm.es\/solutions\/\",\"name\":\"EDDM SOLUTIONS\",\"description\":\"Impresi\u00f3n 3D a medida y consultor\u00eda en Fabricaci\u00f3n Aditiva\",\"publisher\":{\"@id\":\"https:\/\/eddm.es\/solutions\/#organization\"},\"potentialAction\":[{\"@type\":\"SearchAction\",\"target\":{\"@type\":\"EntryPoint\",\"urlTemplate\":\"https:\/\/eddm.es\/solutions\/?s={search_term_string}\"},\"query-input\":\"required name=search_term_string\"}],\"inLanguage\":\"es\"},{\"@type\":\"Organization\",\"@id\":\"https:\/\/eddm.es\/solutions\/#organization\",\"name\":\"EDDM SOLUTIONS\",\"url\":\"https:\/\/eddm.es\/solutions\/\",\"logo\":{\"@type\":\"ImageObject\",\"inLanguage\":\"es\",\"@id\":\"https:\/\/eddm.es\/solutions\/#\/schema\/logo\/image\/\",\"url\":\"https:\/\/eddm.es\/solutions\/wp-content\/uploads\/2022\/02\/Descriptivo_solutions.png\",\"contentUrl\":\"https:\/\/eddm.es\/solutions\/wp-content\/uploads\/2022\/02\/Descriptivo_solutions.png\",\"width\":2560,\"height\":1141,\"caption\":\"EDDM SOLUTIONS\"},\"image\":{\"@id\":\"https:\/\/eddm.es\/solutions\/#\/schema\/logo\/image\/\"}}]}<\/script>\n<!-- \/ Yoast SEO plugin. -->","yoast_head_json":{"title":"aviso legal | EDDM SOLUTIONS","robots":{"index":"index","follow":"follow","max-snippet":"max-snippet:-1","max-image-preview":"max-image-preview:large","max-video-preview":"max-video-preview:-1"},"canonical":"https:\/\/eddm.es\/solutions\/aviso-legal\/","og_locale":"es_ES","og_type":"article","og_title":"aviso legal | EDDM SOLUTIONS","og_description":"Aviso legal Datos identificativosDenominaci\u00f3n social: Escuela de Dise\u00f1o Mec\u00e1nico S.L.(EDDM)Domicilio fiscal: Calle del Eucalipto 33,&nbsp; 28016, Madrid CIF: B86744117Tel\u00e9fono: 915781598 www.eddm.es ofrece informaci\u00f3n, acceso a contenidos y noticias sobre las actividades de la empresa. El hecho de acceder a este sitio Web (en adelante, el \u201cSitio\u201d) implica el conocimiento y aceptaci\u00f3n de los siguientes: T\u00e9rminos [&hellip;]","og_url":"https:\/\/eddm.es\/solutions\/aviso-legal\/","og_site_name":"EDDM SOLUTIONS","article_modified_time":"2023-01-23T13:50:12+00:00","twitter_card":"summary_large_image","twitter_misc":{"Tiempo de lectura":"4 minutos"},"schema":{"@context":"https:\/\/schema.org","@graph":[{"@type":"WebPage","@id":"https:\/\/eddm.es\/solutions\/aviso-legal\/","url":"https:\/\/eddm.es\/solutions\/aviso-legal\/","name":"aviso legal | EDDM SOLUTIONS","isPartOf":{"@id":"https:\/\/eddm.es\/solutions\/#website"},"datePublished":"2022-07-27T06:36:05+00:00","dateModified":"2023-01-23T13:50:12+00:00","breadcrumb":{"@id":"https:\/\/eddm.es\/solutions\/aviso-legal\/#breadcrumb"},"inLanguage":"es","potentialAction":[{"@type":"ReadAction","target":["https:\/\/eddm.es\/solutions\/aviso-legal\/"]}]},{"@type":"BreadcrumbList","@id":"https:\/\/eddm.es\/solutions\/aviso-legal\/#breadcrumb","itemListElement":[{"@type":"ListItem","position":1,"name":"Portada","item":"https:\/\/eddm.es\/solutions\/"},{"@type":"ListItem","position":2,"name":"aviso legal"}]},{"@type":"WebSite","@id":"https:\/\/eddm.es\/solutions\/#website","url":"https:\/\/eddm.es\/solutions\/","name":"EDDM SOLUTIONS","description":"Impresi\u00f3n 3D a medida y consultor\u00eda en Fabricaci\u00f3n Aditiva","publisher":{"@id":"https:\/\/eddm.es\/solutions\/#organization"},"potentialAction":[{"@type":"SearchAction","target":{"@type":"EntryPoint","urlTemplate":"https:\/\/eddm.es\/solutions\/?s={search_term_string}"},"query-input":"required name=search_term_string"}],"inLanguage":"es"},{"@type":"Organization","@id":"https:\/\/eddm.es\/solutions\/#organization","name":"EDDM SOLUTIONS","url":"https:\/\/eddm.es\/solutions\/","logo":{"@type":"ImageObject","inLanguage":"es","@id":"https:\/\/eddm.es\/solutions\/#\/schema\/logo\/image\/","url":"https:\/\/eddm.es\/solutions\/wp-content\/uploads\/2022\/02\/Descriptivo_solutions.png","contentUrl":"https:\/\/eddm.es\/solutions\/wp-content\/uploads\/2022\/02\/Descriptivo_solutions.png","width":2560,"height":1141,"caption":"EDDM SOLUTIONS"},"image":{"@id":"https:\/\/eddm.es\/solutions\/#\/schema\/logo\/image\/"}}]}},"_links":{"self":[{"href":"https:\/\/eddm.es\/solutions\/wp-json\/wp\/v2\/pages\/56701"}],"collection":[{"href":"https:\/\/eddm.es\/solutions\/wp-json\/wp\/v2\/pages"}],"about":[{"href":"https:\/\/eddm.es\/solutions\/wp-json\/wp\/v2\/types\/page"}],"author":[{"embeddable":true,"href":"https:\/\/eddm.es\/solutions\/wp-json\/wp\/v2\/users\/1"}],"replies":[{"embeddable":true,"href":"https:\/\/eddm.es\/solutions\/wp-json\/wp\/v2\/comments?post=56701"}],"version-history":[{"count":26,"href":"https:\/\/eddm.es\/solutions\/wp-json\/wp\/v2\/pages\/56701\/revisions"}],"predecessor-version":[{"id":57310,"href":"https:\/\/eddm.es\/solutions\/wp-json\/wp\/v2\/pages\/56701\/revisions\/57310"}],"wp:attachment":[{"href":"https:\/\/eddm.es\/solutions\/wp-json\/wp\/v2\/media?parent=56701"}],"curies":[{"name":"wp","href":"https:\/\/api.w.org\/{rel}","templated":true}]}}